{"id":15,"date":"2024-07-25T22:15:37","date_gmt":"2024-07-25T20:15:37","guid":{"rendered":"https:\/\/donnerbalken-schweden.steve-reinke.de\/?page_id=15"},"modified":"2024-07-26T19:00:58","modified_gmt":"2024-07-26T17:00:58","slug":"startseite","status":"publish","type":"page","link":"https:\/\/donnerbalken-schweden.de\/","title":{"rendered":"Da sind wir!"},"content":{"rendered":"\n<p>Auf einer Insel in Schweden entstand er! Ein sehr liebenswerter Donnerbalken. Genau genommen auf der gr\u00f6\u00dften der vier Inseln, die Open Street Map so bezeichnet: &#8222;Eiland\u00a0Kvarnviksholmarna, H\u00e4llefors kommun, Provinz \u00d6rebro, Schweden&#8220;. Auf Google Maps findet man den Ort nur auf der Satelitenkarte: <a href=\"https:\/\/www.google.de\/maps\/place\/59%C2%B040'25.4%22N+14%C2%B036'45.2%22E\/@59.6737249,14.6099807,573m\/data=!3m2!1e3!4b1!4m4!3m3!8m2!3d59.6737222!4d14.6125556?entry=ttu\">https:\/\/www.google.de\/maps\/place\/59%C2%B040&#8217;25.4%22N+14%C2%B036&#8217;45.2%22E\/@59.6737249,14.6099807,573m\/data=!3m2!1e3!4b1!4m4!3m3!8m2!3d59.6737222!4d14.6125556?entry=ttu<\/a><\/p>\n\n\n\n<p>Hier m\u00f6chten wir euch mit auf die Reise zu seiner Entstehung nehmen. Des Weiteren sollt ihr hier die Gelegenheit haben, einen Eintrag im G\u00e4stebuch zu hinterlassen, um eure Erlebnisse teilen zu k\u00f6nnen.<\/p>\n\n\n\n<h2 class=\"wp-block-heading\">Making Of<\/h2>\n\n\n\n<div class=\"wp-block-group\"><div class=\"wp-block-group__inner-container is-layout-constrained wp-block-group-is-layout-constrained\">\n<div class=\"wp-block-columns is-layout-flex wp-container-core-columns-is-layout-9d6595d7 wp-block-columns-is-layout-flex\">\n<div class=\"wp-block-column is-layout-flow wp-block-column-is-layout-flow\">\n<p><\/p>\n\n\n\n<p>So entstand der Balken: Eigentlich wollte G\u00fcnther sich nur rasieren gehen. Dann fiel pl\u00f6tzlich ein Baum. Denn er hatte auf dem Weg an das Wasser auf unserer Insel einen toten Baum gesichtet, der sich prima als Feuerholz eignete. Doch nachdem wir zwei gro\u00dfe Balken zu Feuerholz verarbeitet hatten, war noch einiges \u00fcbrig. Also musste eine Idee her, was wir damit noch anfangen sollten. Die z\u00fcndende Idee lie\u00df nicht lange auf sich warten: Ein Donnerbalken auf dieser einsamen Insel w\u00e4re doch prima! Also machten Julien und ich (Steve) uns ans Werk. Und St\u00fcck f\u00fcr St\u00fcck entstand das gute Ding. Uns leistete es an diesem Abend und dem kommenden Morgen gute Dienste. Nun soll er auch euch dienlich sein.<\/p>\n<\/div>\n\n\n\n<div class=\"wp-block-column is-layout-flow wp-block-column-is-layout-flow\">\n<figure class=\"wp-block-gallery has-nested-images columns-default is-cropped wp-block-gallery-1 is-layout-flex wp-block-gallery-is-layout-flex\">\n<figure class=\"wp-block-image size-large\"><img decoding=\"async\" data-id=\"28\" src=\"https:\/\/donnerbalken-schweden.de\/wp-content\/uploads\/2024\/07\/IMG_2609.jpg\" alt=\"\" class=\"wp-image-28\"\/><\/figure>\n\n\n\n<figure class=\"wp-block-image size-large\"><img decoding=\"async\" data-id=\"26\" src=\"https:\/\/donnerbalken-schweden.de\/wp-content\/uploads\/2024\/07\/IMG_2608.jpg\" alt=\"\" class=\"wp-image-26\"\/><\/figure>\n\n\n\n<figure class=\"wp-block-image size-large\"><img decoding=\"async\" data-id=\"29\" src=\"https:\/\/donnerbalken-schweden.de\/wp-content\/uploads\/2024\/07\/IMG_2610.jpg\" alt=\"\" class=\"wp-image-29\"\/><\/figure>\n\n\n\n<figure class=\"wp-block-image size-large\"><img decoding=\"async\" data-id=\"30\" src=\"https:\/\/donnerbalken-schweden.de\/wp-content\/uploads\/2024\/07\/IMG_2611.jpg\" alt=\"\" class=\"wp-image-30\"\/><\/figure>\n\n\n\n<figure class=\"wp-block-image size-large\"><img loading=\"lazy\" decoding=\"async\" width=\"1920\" height=\"2560\" data-id=\"36\" src=\"https:\/\/donnerbalken-schweden.de\/wp-content\/uploads\/2024\/07\/IMG_2617-scaled.jpg\" alt=\"\" class=\"wp-image-36\"\/><\/figure>\n\n\n\n<figure class=\"wp-block-image size-large\"><img decoding=\"async\" data-id=\"31\" src=\"https:\/\/donnerbalken-schweden.de\/wp-content\/uploads\/2024\/07\/IMG_2612.jpg\" alt=\"\" class=\"wp-image-31\"\/><\/figure>\n<\/figure>\n<\/div>\n<\/div>\n<\/div><\/div>\n\n\n\n<p><\/p>\n\n\n\n<h2 class=\"wp-block-heading\">G\u00e4stebuch<\/h2>\n\n\n\n<p>Hier k\u00f6nnt ihr gern mitteilen, wenn ihr unseren Donnerbalken besucht habt. Teilt gern eure Erlebnisse.<\/p>\n\n\n\n<div class=\"gwolle-gb\"><div class=\"gwolle-gb-messages-top-container\"><\/div>\n\t\t\t<div class=\"gwolle-gb-write-button\">\n\t\t\t\t<input type=\"button\" name=\"gwolle-gb-write-button\" class=\"button btn btn-default \" value=\"Neuen Eintrag schreiben\" aria-expanded=\"false\" \/>\n\t\t\t<\/div>\n\t\t\t<form action=\"#\" method=\"POST\" class=\"gwolle-gb-write gwolle-gb-hide gwolle-gb-float gwolle-gb-form-ajax gwolle-gb-ajax gwolle-gb-not-logged-in\">\n\t\t\t\t<h3>Einen neuen Eintrag f\u00fcr das G\u00e4stebuch schreiben<\/h3>\n\t\t\t\t<button type=\"button\" class=\"gb-notice-dismiss\">x<span class=\"screen-reader-text\">Dieses Formular ausblenden<\/span><\/button>\n\t\t\t\n\t\t\t\t<input type=\"hidden\" name=\"gwolle_gb_function\" class=\"gwolle_gb_function\" value=\"add_entry\" \/><input type=\"hidden\" name=\"gwolle_gb_book_id\" class=\"gwolle_gb_book_id\" value=\"1\" \/><div class=\"gwolle_gb_d7321e8bf7fce1c1afee2bde4eb3115e\">\n\t\t\t\t<div class=\"label\"><label for=\"gwolle_gb_d7321e8bf7fce1c1afee2bde4eb3115e-1\" class=\"text-info\">Name <span class=\"required\">*<\/span><\/label><\/div>\n\t\t\t\t<div class=\"input\"><input class=\"wp-exclude-emoji gwolle_gb_d7321e8bf7fce1c1afee2bde4eb3115e\" value=\"\" type=\"text\" id=\"gwolle_gb_d7321e8bf7fce1c1afee2bde4eb3115e-1\" name=\"gwolle_gb_d7321e8bf7fce1c1afee2bde4eb3115e\" required \/><\/div>\n\t\t\t\t<div class=\"clearBoth\">&nbsp;<\/div>\n\t\t\t<\/div><div class=\"gwolle_gb_70a22df81566256c004f8aaa0ea1aed2\">\n\t\t\t\t\t<div class=\"label\"><label for=\"gwolle_gb_70a22df81566256c004f8aaa0ea1aed2-1\" class=\"text-info\">Stadt<\/label><\/div>\n\t\t\t\t\t<div class=\"input\"><input class=\"wp-exclude-emoji gwolle_gb_70a22df81566256c004f8aaa0ea1aed2\" value=\"\" type=\"text\" id=\"gwolle_gb_70a22df81566256c004f8aaa0ea1aed2-1\" name=\"gwolle_gb_70a22df81566256c004f8aaa0ea1aed2\" \/><\/div>\n\t\t\t\t\t<div class=\"clearBoth\">&nbsp;<\/div>\n\t\t\t\t<\/div><div class=\"gwolle_gb_e5e48fcfa549f9586d3506a8b6975777\">\n\t\t\t\t<div class=\"label\"><label for=\"gwolle_gb_e5e48fcfa549f9586d3506a8b6975777-1\" class=\"text-info\">E-Mail <span class=\"required\">*<\/span><\/label><\/div>\n\t\t\t\t<div class=\"input\"><input class=\"gwolle_gb_e5e48fcfa549f9586d3506a8b6975777\" value=\"\" type=\"email\" id=\"gwolle_gb_e5e48fcfa549f9586d3506a8b6975777-1\" name=\"gwolle_gb_e5e48fcfa549f9586d3506a8b6975777\" required \/><\/div>\n\t\t\t\t<div class=\"clearBoth\">&nbsp;<\/div>\n\t\t\t<\/div>\n\t\t\t<div class=\"gwolle_gb_0ae8e5f3322970abd27a7df3ad562c0f\" style=\"display:none;overflow:hidden;\" hidden=\"true\" aria-hidden=\"true\">\n\t\t\t\t<div class=\"label\">\n\t\t\t\t\t<label for=\"gwolle_gb_0ae8e5f3322970abd27a7df3ad562c0f-1\" class=\"text-primary\">Hier nichts eingeben<\/label>\n\t\t\t\t\t<label for=\"gwolle_gb_3e91088282af9eb2a8a62c1f3c7d8c41-1\" class=\"text-primary\">Hier nichts eingeben<\/label>\n\t\t\t\t<\/div>\n\t\t\t\t<div class=\"input\">\n\t\t\t\t\t<input value=\"4\" type=\"text\" id=\"gwolle_gb_0ae8e5f3322970abd27a7df3ad562c0f-1\" name=\"gwolle_gb_0ae8e5f3322970abd27a7df3ad562c0f\" class=\"gwolle_gb_0ae8e5f3322970abd27a7df3ad562c0f\" style=\"transform: translateY(10000px);\" \/>\n\t\t\t\t\t<input value=\"\" type=\"text\" name=\"gwolle_gb_3e91088282af9eb2a8a62c1f3c7d8c41\" id=\"gwolle_gb_3e91088282af9eb2a8a62c1f3c7d8c41-1\" class=\"gwolle_gb_3e91088282af9eb2a8a62c1f3c7d8c41\" style=\"transform: translateY(10000px);\" \/>\n\t\t\t\t<\/div>\n\t\t\t\t<div class=\"clearBoth\"><\/div>\n\t\t\t<\/div>\n\t\t\t<div class=\"gwolle_gb_fb10a18280e2d7ee933fc236f5f932cb\" style=\"display:none;overflow:hidden;\" hidden=\"true\" aria-hidden=\"true\">\n\t\t\t\t<div class=\"label\">\n\t\t\t\t\t<label for=\"gwolle_gb_fb10a18280e2d7ee933fc236f5f932cb-1\" class=\"text-primary\">Hier nichts eingeben<\/label>\n\t\t\t\t\t<label for=\"gwolle_gb_2d73fbf62181d9003c5fcab9a2074b51-1\" class=\"text-primary\">Hier nichts eingeben<\/label>\n\t\t\t\t<\/div>\n\t\t\t\t<div class=\"input\">\n\t\t\t\t\t<input value=\"33211\" type=\"text\" id=\"gwolle_gb_fb10a18280e2d7ee933fc236f5f932cb-1\" name=\"gwolle_gb_fb10a18280e2d7ee933fc236f5f932cb\" class=\"gwolle_gb_fb10a18280e2d7ee933fc236f5f932cb\" style=\"transform: translateY(10000px);\" \/>\n\t\t\t\t\t<input value=\"33211\" type=\"text\"id=\"gwolle_gb_2d73fbf62181d9003c5fcab9a2074b51-1\" name=\"gwolle_gb_2d73fbf62181d9003c5fcab9a2074b51\" class=\"gwolle_gb_2d73fbf62181d9003c5fcab9a2074b51\" style=\"transform: translateY(10000px);\" \/>\n\t\t\t\t<\/div>\n\t\t\t\t<div class=\"clearBoth\"><\/div>\n\t\t\t<\/div><div class=\"gwolle_gb_content\">\n\t\t\t\t<div class=\"label\"><label for=\"gwolle_gb_content-1\" class=\"text-info\">G\u00e4stebucheintrag <span class=\"required\">*<\/span><\/label><\/div>\n\t\t\t\t<div class=\"input\"><textarea id=\"gwolle_gb_content-1\" name=\"gwolle_gb_content\" class=\"gwolle_gb_content wp-exclude-emoji\" required ><\/textarea><\/div>\n\t\t\t\t\t<div class=\"clearBoth\">&nbsp;<\/div>\n\t\t\t\t<\/div>\n\t\t\t\t<div class=\"gwolle_gb_privacy gwolle-gb-privacy\">\n\t\t\t\t\t<div class=\"label\"><label for=\"gwolle_gb_privacy-1\" class=\"text-info\">I accept the <a href=\"https:\/\/donnerbalken-schweden.de\/?page_id=3\" title=\"Datenschutzerk\u00e4rung lesen\" target=\"_blank\">Privacy Policy<\/a> <span class=\"required\">*<\/span><\/label><\/div>\n\t\t\t\t\t<div class=\"input\"><input type=\"checkbox\" id=\"gwolle_gb_privacy-1\" name=\"gwolle_gb_privacy\" class=\"gwolle_gb_privacy\" required \/><\/div>\n\t\t\t\t\t<div class=\"clearBoth\">&nbsp;<\/div>\n\t\t\t\t<\/div><input type=\"hidden\" class=\"gwolle_gb_f8685a257b9e34132301dcb0685ccf52\" id=\"gwolle_gb_f8685a257b9e34132301dcb0685ccf52-1\" name=\"gwolle_gb_f8685a257b9e34132301dcb0685ccf52\" value=\"decb877e80\" \/>\n\t\t\t<div class=\"gwolle-gb-messages-bottom-container\"><\/div>\n\n\t\t\t<noscript><div class=\"no-js\">Warnung: Dieses Formular kann nur verwendet werden, wenn in deinem Browser JavaScript aktiviert ist.<\/div><\/noscript>\n\n\t\t\t<div class=\"gwolle_gb_submit gwolle-gb-submit\">\n\t\t\t\t<div class=\"label gwolle-gb-invisible text-muted\">&nbsp;<\/div>\n\t\t\t\t<div class=\"input\">\n\t\t\t\t\t<input type=\"submit\" name=\"gwolle_gb_submit\" class=\"gwolle_gb_submit button btn btn-primary \" value=\"Absenden\" \/>\n\t\t\t\t\t<span class=\"gwolle_gb_submit_ajax_icon gwolle-gb-submit-ajax-icon\"><\/span>\n\t\t\t\n\t\t\t\t<\/div>\n\t\t\t\t<div class=\"clearBoth\">&nbsp;<\/div>\n\t\t\t<\/div>\n\n\t\t\t<div class=\"gwolle_gb_notice gwolle-gb-notice\">\n\t\t\t\tMit * gekennzeichnete Felder sind erforderlich.<br \/>\r\nDeine E-Mail-Adresse wird nicht ver\u00f6ffentlicht.<br \/>\r\nEs ist m\u00f6glich, dass dein Eintrag im G\u00e4stebuch erst sichtbar ist, nachdem wir ihn \u00fcberpr\u00fcft haben.<br \/>\r\nWir behalten uns vor, Eintr\u00e4ge zu bearbeiten, zu l\u00f6schen oder nicht zu ver\u00f6ffentlichen.\n\t\t\t<\/div><\/form><div class=\"gwolle-gb-read gwolle-gb-ajax gwolle-gb-entries-list\" data-book_id=\"1\">(Noch keine Eintr\u00e4ge)<\/div><\/div>\n\n\n\n<p><\/p>\n","protected":false},"excerpt":{"rendered":"<p>Auf einer Insel in Schweden entstand er! Ein sehr liebenswerter Donnerbalken. Genau genommen auf der gr\u00f6\u00dften der vier Inseln, die Open Street Map so bezeichnet: &#8222;Eiland\u00a0Kvarnviksholmarna, H\u00e4llefors kommun, Provinz \u00d6rebro, Schweden&#8220;. Auf Google Maps findet man den Ort nur auf der Satelitenkarte: https:\/\/www.google.de\/maps\/place\/59%C2%B040&#8217;25.4%22N+14%C2%B036&#8217;45.2%22E\/@59.6737249,14.6099807,573m\/data=!3m2!1e3!4b1!4m4!3m3!8m2!3d59.6737222!4d14.6125556?entry=ttu Hier m\u00f6chten wir euch mit auf die Reise zu seiner Entstehung nehmen. <a class=\"read-more\" href=\"https:\/\/donnerbalken-schweden.de\/\">Read More<\/a><\/p>\n","protected":false},"author":1,"featured_media":36,"parent":0,"menu_order":0,"comment_status":"closed","ping_status":"closed","template":"","meta":{"footnotes":""},"class_list":["post-15","page","type-page","status-publish","has-post-thumbnail","hentry"],"_links":{"self":[{"href":"https:\/\/donnerbalken-schweden.de\/index.php?rest_route=\/wp\/v2\/pages\/15","targetHints":{"allow":["GET"]}}],"collection":[{"href":"https:\/\/donnerbalken-schweden.de\/index.php?rest_route=\/wp\/v2\/pages"}],"about":[{"href":"https:\/\/donnerbalken-schweden.de\/index.php?rest_route=\/wp\/v2\/types\/page"}],"author":[{"embeddable":true,"href":"https:\/\/donnerbalken-schweden.de\/index.php?rest_route=\/wp\/v2\/users\/1"}],"replies":[{"embeddable":true,"href":"https:\/\/donnerbalken-schweden.de\/index.php?rest_route=%2Fwp%2Fv2%2Fcomments&post=15"}],"version-history":[{"count":10,"href":"https:\/\/donnerbalken-schweden.de\/index.php?rest_route=\/wp\/v2\/pages\/15\/revisions"}],"predecessor-version":[{"id":48,"href":"https:\/\/donnerbalken-schweden.de\/index.php?rest_route=\/wp\/v2\/pages\/15\/revisions\/48"}],"wp:featuredmedia":[{"embeddable":true,"href":"https:\/\/donnerbalken-schweden.de\/index.php?rest_route=\/wp\/v2\/media\/36"}],"wp:attachment":[{"href":"https:\/\/donnerbalken-schweden.de\/index.php?rest_route=%2Fwp%2Fv2%2Fmedia&parent=15"}],"curies":[{"name":"wp","href":"https:\/\/api.w.org\/{rel}","templated":true}]}}